{"id":2437,"date":"2024-12-15T10:49:31","date_gmt":"2024-12-15T10:49:31","guid":{"rendered":"https:\/\/restauracja.schroniskobukowina.pl\/cateringova-ponuka\/prilezitostny-catering\/"},"modified":"2026-02-28T20:25:46","modified_gmt":"2026-02-28T20:25:46","slug":"prilezitostny-catering","status":"publish","type":"page","link":"https:\/\/restauracja.schroniskobukowina.pl\/sk\/cateringova-ponuka\/prilezitostny-catering\/","title":{"rendered":"Pr\u00edle\u017eitostn\u00fd catering"},"content":{"rendered":"\n<section class=\"content-text\">\n\n    <div class=\"container content-text__container\">\n\n        \n\n    <div class=\"section-header\" data-aos=\"fade-up\">\n\n        <div class=\"section-header__content\">\n\n            <header class=\"section-header__headerbox\">\n\n                \n                    <span class=\"section-header__tag\">Ponuka<\/span>\n\n                \n                <h2 class=\"section-header__header\">Pr\u00edle\u017eitostn\u00fd catering<\/h2>\n\n            <\/header>\n\n            \n                <p class=\"section-header__desc\">Ku ka\u017edej udalosti pristupujeme individu\u00e1lne. Najprv zis\u0165ujeme va\u0161e potreby a po\u017eiadavky na catering a potom pripravujeme najlep\u0161iu mo\u017en\u00fa ponuku \u0161it\u00fa na mieru. <\/p>\n\n            \n\n            \n            \n                <!-- Button trigger modal -->\n                <button type=\"button\" class=\"button button--small button--transparent\" data-bs-toggle=\"modal\" data-bs-target=\"#contactModal\">\n\n                    Kontaktujte n\u00e1s\n                <\/button>\n\n                <!-- Modal -->\n                <div class=\"modal fade\" id=\"contactModal\" tabindex=\"-1\" aria-labelledby=\"contactModalLabel\" aria-hidden=\"true\">\n\n                    <div class=\"modal-dialog\">\n\n                        <div class=\"modal-content\">\n\n                            <div class=\"modal-header\">\n\n                                <button type=\"button\" class=\"btn-close\" data-bs-dismiss=\"modal\" aria-label=\"Close\"><\/button>\n\n                            <\/div>\n\n                            <div class=\"modal-body\">\n\n                                <p class=\"contactModal__header\">\n\n                                    Kontaktujte n\u00e1s\n                                <\/p>\n\n                                <p class=\"contactModal__desc\">\n\n                                    M\u00e1te ot\u00e1zky? Sme v\u00e1m k dispoz\u00edcii \u2013 nap\u00ed\u0161te alebo zavolajte! \n                                <\/p>\n\n                                \n                                    <div class=\"contactModal__buttons\">\n\n                                        \n                                                                                            <a class=\"button button--transparent button--small\" href=\"tel:+48502691180\" target=\"_self\">Telef\u00f3n<\/a>\n                                            \n                                        \n                                                                                            <a class=\"button button--transparent button--small\" href=\"mailto:sylwia@schroniskobukowina.pl\" target=\"_self\">E-mailov\u00e1 adresa<\/a>\n                                            \n                                        \n                                    <\/div>\n\n\n                                \n                            <\/div>\n\n                        <\/div>\n\n                    <\/div>\n\n                <\/div>\n\n            \n        <\/div>\n\n    <\/div>\n\n\n        \n\n    <div class=\"text-image \" >\n\n        <div class=\"text-image__container \">\n\n            <div class=\"text-image__imagebox\" data-aos=\"fade-up\">\n\n                \n\n                    \n                        \n                            <img decoding=\"async\" src=\"https:\/\/restauracja.schroniskobukowina.pl\/wp-content\/uploads\/2025\/02\/image-5.webp\" alt=\"\" class=\"text-image__image\" \/>\n\n                        \n                    \n                \n\n\n            <\/div>\n\n            <div class=\"text-image__content\" data-aos=\"fade-up\" data-aos-delay=\"100\">\n\n                \n                    <span class=\"text-image__tag\">Ponuka<\/span>\n\n                \n                <h2 class=\"text-image__header\">M\u00e1me roky sk\u00fasenost\u00ed<\/h2>\n\n                \n                    <div class=\"text-image__desc\">\n\n                        <p>Ako re\u0161taurat\u00e9ri vieme, ako sa postara\u0165 o host\u00ed. Star\u00e1me sa o ka\u017ed\u00fd detail: vynikaj\u00face menu, taniere, pr\u00edbory, poh\u00e1re, poh\u00e1re, obrusy \u2013 najlep\u0161ie, ako si len viete predstavi\u0165. <\/p>\n<p>Na\u0161i kuch\u00e1ri maj\u00fa bohat\u00e9 sk\u00fasenosti s organizovan\u00edm ve\u013ek\u00fdch cateringov. P\u00f4sob\u00edme na \u00fazem\u00ed cel\u00e9ho Malopolska, ako aj v susedn\u00fdch vojvodstv\u00e1ch. <\/p>\n\n                    <\/div>\n\n                \n                \n                    <div class=\"section-header__buttons\">\n\n                        \n                                <a class=\"button button--small button--transparent\" href=\"https:\/\/restauracja.schroniskobukowina.pl\/wp-content\/uploads\/2025\/08\/catering-pelna-oferta-schronisko.pdf_compressed.pdf\" target=\"_blank\">Vzorov\u00fd cenn\u00edk<\/a>\n\n                            \n                        \n                    <\/div>\n\n                \n            <\/div>\n\n        <\/div>\n\n    <\/div>\n\n\n        \n\n    <\/div>\n\n<\/section>\n<div id=\"gallery\" class=\"content-images-gallery content-images-gallery--bglight\">\n\n    <img decoding=\"async\" src=\"https:\/\/restauracja.schroniskobukowina.pl\/wp-content\/themes\/themebukowina\/assets\/pattern.png\" alt=\"Grafika w tle\" class=\"content-images-gallery__bg\">\n\n    <div class=\"container content-images-gallery__container\">\n\n        \n\n    <div class=\"section-header\" data-aos=\"fade-up\">\n\n        <div class=\"section-header__content\">\n\n            <header class=\"section-header__headerbox\">\n\n                \n                    <span class=\"section-header__tag\">Ponuka<\/span>\n\n                \n                <h2 class=\"section-header__header\">Gal\u00e9ria<\/h2>\n\n            <\/header>\n\n            \n                <p class=\"section-header__desc\">Z l\u00e1sky k dobr\u00e9mu jedlu a v\u00fdnimo\u010dn\u00fdm chv\u00ed\u013eam vytv\u00e1rame catering, ktor\u00fd o\u010dar\u00ed chu\u0165ou a vzh\u013eadom. Chcete vidie\u0165, co m\u00f4\u017eeme pripravi\u0165 pre v\u00e1s? Pozrite si na\u0161e realiz\u00e1cie \u2013 s\u00fa d\u00f4kazom, \u017ee ka\u017ed\u00e9 stretnutie m\u00f4\u017ee by\u0165 v\u00fdnimo\u010dn\u00e9. Nechajte sa in\u0161pirova\u0165!   <\/p>\n\n            \n\n            \n            \n        <\/div>\n\n    <\/div>\n\n\n        \n            <div class=\"splide content-images-gallery__splide\" role=\"group\" aria-label=\"Image gallery slider\">\n\n                <div class=\"splide__track\">\n\n                    <div class=\"splide__list\">\n\n                        \n                            <div class=\"splide__slide\" data-aos=\"fade-up\" data-aos-delay=\"100\">\n\n                                <img decoding=\"async\" src=\"https:\/\/restauracja.schroniskobukowina.pl\/wp-content\/uploads\/2025\/02\/1_2x.webp\" alt=\"\" class=\"content-images-gallery__image\" \/>\n\n                            <\/div>\n\n                        \n                            <div class=\"splide__slide\" data-aos=\"fade-up\" data-aos-delay=\"200\">\n\n                                <img decoding=\"async\" src=\"https:\/\/restauracja.schroniskobukowina.pl\/wp-content\/uploads\/2025\/05\/finger-food-1.png\" alt=\"\" class=\"content-images-gallery__image\" \/>\n\n                            <\/div>\n\n                        \n                            <div class=\"splide__slide\" data-aos=\"fade-up\" data-aos-delay=\"300\">\n\n                                <img decoding=\"async\" src=\"https:\/\/restauracja.schroniskobukowina.pl\/wp-content\/uploads\/2025\/02\/2_2x.webp\" alt=\"\" class=\"content-images-gallery__image\" \/>\n\n                            <\/div>\n\n                        \n                            <div class=\"splide__slide\" data-aos=\"fade-up\" data-aos-delay=\"400\">\n\n                                <img decoding=\"async\" src=\"https:\/\/restauracja.schroniskobukowina.pl\/wp-content\/uploads\/2025\/05\/Red-Bull-Skoki-w-Punkt.png\" alt=\"\" class=\"content-images-gallery__image\" \/>\n\n                            <\/div>\n\n                        \n                            <div class=\"splide__slide\" data-aos=\"fade-up\" data-aos-delay=\"500\">\n\n                                <img decoding=\"async\" src=\"https:\/\/restauracja.schroniskobukowina.pl\/wp-content\/uploads\/2025\/05\/Red-Bull-Skoki-w-Punkt-Zakopane.png\" alt=\"\" class=\"content-images-gallery__image\" \/>\n\n                            <\/div>\n\n                        \n                            <div class=\"splide__slide\" data-aos=\"fade-up\" data-aos-delay=\"600\">\n\n                                <img decoding=\"async\" src=\"https:\/\/restauracja.schroniskobukowina.pl\/wp-content\/uploads\/2025\/02\/5_2x.webp\" alt=\"\" class=\"content-images-gallery__image\" \/>\n\n                            <\/div>\n\n                        \n                            <div class=\"splide__slide\" data-aos=\"fade-up\" data-aos-delay=\"700\">\n\n                                <img decoding=\"async\" src=\"https:\/\/restauracja.schroniskobukowina.pl\/wp-content\/uploads\/2025\/02\/4_2x.webp\" alt=\"\" class=\"content-images-gallery__image\" \/>\n\n                            <\/div>\n\n                        \n                            <div class=\"splide__slide\" data-aos=\"fade-up\" data-aos-delay=\"800\">\n\n                                <img decoding=\"async\" src=\"https:\/\/restauracja.schroniskobukowina.pl\/wp-content\/uploads\/2025\/02\/3_2x.webp\" alt=\"\" class=\"content-images-gallery__image\" \/>\n\n                            <\/div>\n\n                        \n                            <div class=\"splide__slide\" data-aos=\"fade-up\" data-aos-delay=\"900\">\n\n                                <img decoding=\"async\" src=\"https:\/\/restauracja.schroniskobukowina.pl\/wp-content\/uploads\/2025\/05\/deski-serow-i-wedlin-1.png\" alt=\"\" class=\"content-images-gallery__image\" \/>\n\n                            <\/div>\n\n                        \n                            <div class=\"splide__slide\" data-aos=\"fade-up\" data-aos-delay=\"1000\">\n\n                                <img decoding=\"async\" src=\"https:\/\/restauracja.schroniskobukowina.pl\/wp-content\/uploads\/2025\/05\/fingerfood-1.png\" alt=\"\" class=\"content-images-gallery__image\" \/>\n\n                            <\/div>\n\n                        \n                    <\/div>\n\n                    <div class=\"splide__arrows\">\n    <button class=\"splide__arrow splide__arrow--prev\">\n        <svg xmlns=\"http:\/\/www.w3.org\/2000\/svg\" width=\"25\" height=\"24\" viewBox=\"0 0 25 24\" fill=\"none\">\n            <path d=\"M5.5 12H19.5M19.5 12L12.5 5M19.5 12L12.5 19\" stroke=\"#AAAAAA\" stroke-width=\"2\" stroke-linecap=\"round\" stroke-linejoin=\"round\" \/>\n        <\/svg>\n    <\/button>\n    <button class=\"splide__arrow splide__arrow--next\">\n        <svg xmlns=\"http:\/\/www.w3.org\/2000\/svg\" width=\"25\" height=\"24\" viewBox=\"0 0 25 24\" fill=\"none\">\n            <path d=\"M5.5 12H19.5M19.5 12L12.5 5M19.5 12L12.5 19\" stroke=\"#AAAAAA\" stroke-width=\"2\" stroke-linecap=\"round\" stroke-linejoin=\"round\" \/>\n        <\/svg>\n    <\/button>\n<\/div>\n                <\/div>\n\n            <\/div>\n\n        \n    <\/div>\n\n<\/div>\n<section class=\"content-text\">\n\n    <div class=\"container content-text__container\">\n\n        \n\n        \n\n    <div class=\"text-image \" >\n\n        <div class=\"text-image__container text-image__container--reverse\">\n\n            <div class=\"text-image__imagebox\" data-aos=\"fade-up\">\n\n                \n\n                    \n                        \n                            <img decoding=\"async\" src=\"https:\/\/restauracja.schroniskobukowina.pl\/wp-content\/uploads\/2025\/02\/image-3.webp\" alt=\"\" class=\"text-image__image\" \/>\n\n                        \n                    \n                \n\n\n            <\/div>\n\n            <div class=\"text-image__content\" data-aos=\"fade-up\" data-aos-delay=\"100\">\n\n                \n                <h2 class=\"text-image__header\">Cateringov\u00e9 boxy<\/h2>\n\n                \n                    <div class=\"text-image__desc\">\n\n                        <p>Pohodln\u00e9, chutn\u00e9 a pln\u00e9 rozmanitosti \u2013 vytvoren\u00e9 tak, aby ka\u017ed\u00e9 s\u00fasto bolo pote\u0161en\u00edm. Pozrite si na\u0161e n\u00e1vrhy a n\u00e1jdite nie\u010do ide\u00e1lne pre seba. Boxy sa skvele hodia na ka\u017ed\u00fa pr\u00edle\u017eitos\u0165. Prekvapte svojich host\u00ed!<\/p>\n\n                    <\/div>\n\n                \n                \n                    <div class=\"section-header__buttons\">\n\n                        \n                                <a class=\"button button--small button--transparent\" href=\"https:\/\/restauracja.schroniskobukowina.pl\/catering\/boxy-cateringowe\/\" target=\"_self\">Pozrite si ponuku<\/a>\n\n                            \n                        \n                    <\/div>\n\n                \n            <\/div>\n\n        <\/div>\n\n    <\/div>\n\n\n        \n\n    <\/div>\n\n<\/section>\n<section class=\"content-text\">\n\n    <div class=\"container content-text__container\">\n\n        \n\n        \n\n    <div class=\"text-image \" >\n\n        <div class=\"text-image__container \">\n\n            <div class=\"text-image__imagebox\" data-aos=\"fade-up\">\n\n                \n\n                    \n                        \n                            <img decoding=\"async\" src=\"https:\/\/restauracja.schroniskobukowina.pl\/wp-content\/uploads\/2025\/02\/image-4.webp\" alt=\"\" class=\"text-image__image\" \/>\n\n                        \n                    \n                \n\n\n            <\/div>\n\n            <div class=\"text-image__content\" data-aos=\"fade-up\" data-aos-delay=\"100\">\n\n                \n                <h2 class=\"text-image__header\">Spolupr\u00e1ca<\/h2>\n\n                \n                    <div class=\"text-image__desc\">\n\n                        <p>Nap\u00ed\u0161te n\u00e1m, ur\u010dite sa dohodneme! Bez oh\u013eadu na to, \u010di dod\u00e1vame n\u00e1\u0161 catering mal\u00fdm penzi\u00f3nom alebo ve\u013ek\u00fdm partnerom \u2013 v\u017edy db\u00e1me na rovnako v\u00fdrazn\u00e9, chutn\u00e9 a dobre vyzeraj\u00face pod\u00e1vanie jed\u00e1l.<\/p>\n\n                    <\/div>\n\n                \n                \n                    <div class=\"section-header__buttons\">\n\n                        \n                                <a class=\"button button--small button--transparent\" href=\"https:\/\/restauracja.schroniskobukowina.pl\/sk\/cateringova-ponuka\/spolupraca\/\" target=\"_self\">Spolupr\u00e1ca<\/a>\n\n                            \n                        \n                    <\/div>\n\n                \n            <\/div>\n\n        <\/div>\n\n    <\/div>\n\n\n        \n\n    <\/div>\n\n<\/section>\n<section class=\"content-form content-form--bglight\">\n\n    <img decoding=\"async\" src=\"https:\/\/restauracja.schroniskobukowina.pl\/wp-content\/themes\/themebukowina\/assets\/pattern.png\" alt=\"Grafika w tle\" class=\"content-form__bg\">\n\n    <div class=\"container content-form__container\">\n\n        \n\n    <div class=\"section-header\" data-aos=\"fade-up\">\n\n        <div class=\"section-header__content\">\n\n            <header class=\"section-header__headerbox\">\n\n                \n                    <span class=\"section-header__tag\">Kontakt<\/span>\n\n                \n                <h2 class=\"section-header__header\">Op\u00fdtajte sa na ponuku<\/h2>\n\n            <\/header>\n\n            \n                <p class=\"section-header__desc\">Potrebujete viac inform\u00e1ci\u00ed? <br \/>\r\nNap\u00ed\u0161te n\u00e1m, odpovieme \u010do najr\u00fdchlej\u0161ie.<\/p>\n\n            \n\n            \n            \n        <\/div>\n\n    <\/div>\n\n\n\n        \n<div class=\"wpcf7 no-js\" id=\"wpcf7-f1892-o1\" lang=\"sk-SK\" dir=\"ltr\" data-wpcf7-id=\"1892\">\n<div class=\"screen-reader-response\"><p role=\"status\" aria-live=\"polite\" aria-atomic=\"true\"><\/p> <ul><\/ul><\/div>\n<form action=\"\/sk\/wp-json\/wp\/v2\/pages\/2437#wpcf7-f1892-o1\" method=\"post\" class=\"wpcf7-form init\" aria-label=\"Kontaktn\u00fd formul\u00e1r\" novalidate=\"novalidate\" data-status=\"init\">\n<fieldset class=\"hidden-fields-container\"><input type=\"hidden\" name=\"_wpcf7\" value=\"1892\" \/><input type=\"hidden\" name=\"_wpcf7_version\" value=\"6.1.5\" \/><input type=\"hidden\" name=\"_wpcf7_locale\" value=\"sk_SK\" \/><input type=\"hidden\" name=\"_wpcf7_unit_tag\" value=\"wpcf7-f1892-o1\" \/><input type=\"hidden\" name=\"_wpcf7_container_post\" value=\"0\" \/><input type=\"hidden\" name=\"_wpcf7_posted_data_hash\" value=\"\" \/><input type=\"hidden\" name=\"_wpcf7_recaptcha_response\" value=\"\" \/>\n<\/fieldset>\n<div class=\"row\">\n\t<div class=\"col-lg-6\">\n\t\t<p><label> Meno <span class=\"wpcf7-form-control-wrap\" data-name=\"your-name\"><input size=\"40\" maxlength=\"400\" class=\"wpcf7-form-control wpcf7-text wpcf7-validates-as-required\" aria-required=\"true\" aria-invalid=\"false\" placeholder=\"Zadajte svoje meno\" value=\"\" type=\"text\" name=\"your-name\" \/><\/span> <\/label>\n\t\t<\/p>\n\t<\/div>\n\t<div class=\"col-lg-6\">\n\t\t<p><label> Priezvisko <span class=\"wpcf7-form-control-wrap\" data-name=\"your-surname\"><input size=\"40\" maxlength=\"400\" class=\"wpcf7-form-control wpcf7-text\" aria-invalid=\"false\" placeholder=\"Zadajte svoje priezvisko\" value=\"\" type=\"text\" name=\"your-surname\" \/><\/span> <\/label>\n\t\t<\/p>\n\t<\/div>\n\t<div class=\"col-lg-6\">\n\t\t<p><label> Email <span class=\"wpcf7-form-control-wrap\" data-name=\"your-email\"><input size=\"40\" maxlength=\"400\" class=\"wpcf7-form-control wpcf7-email wpcf7-validates-as-required wpcf7-text wpcf7-validates-as-email\" aria-required=\"true\" aria-invalid=\"false\" placeholder=\"Zadajte svoj email\" value=\"\" type=\"email\" name=\"your-email\" \/><\/span> <\/label>\n\t\t<\/p>\n\t<\/div>\n\t<div class=\"col-lg-6\">\n\t\t<p><label> Telef\u00f3n <span class=\"wpcf7-form-control-wrap\" data-name=\"your-phone\"><input size=\"40\" maxlength=\"400\" class=\"wpcf7-form-control wpcf7-text\" aria-invalid=\"false\" placeholder=\"+1 (555) 000-0000\" value=\"\" type=\"text\" name=\"your-phone\" \/><\/span> <\/label>\n\t\t<\/p>\n\t<\/div>\n\t<div class=\"col-12\">\n\t\t<p><label> Spr\u00e1va <span class=\"wpcf7-form-control-wrap\" data-name=\"your-message\"><textarea cols=\"40\" rows=\"10\" maxlength=\"2000\" class=\"wpcf7-form-control wpcf7-textarea\" aria-invalid=\"false\" placeholder=\"Zanechajte n\u00e1m svoju spr\u00e1vu\" name=\"your-message\"><\/textarea><\/span> <\/label>\n\t\t<\/p>\n\t<\/div>\n\t<div class=\"col-12\">\n\t\t<p><input class=\"wpcf7-form-control wpcf7-submit has-spinner\" type=\"submit\" value=\"Odosla\u0165 spr\u00e1vu\" \/>\n\t\t<\/p>\n\t<\/div>\n<\/div><div class=\"wpcf7-response-output\" aria-hidden=\"true\"><\/div>\n<\/form>\n<\/div>\n\n    <\/div>\n\n<\/section>","protected":false},"excerpt":{"rendered":"<p>Chu\u0165 prisp\u00f4soben\u00e1 v\u00e1m! Individu\u00e1lna ponuka na ka\u017ed\u00fa pr\u00edle\u017eitos\u0165. <\/p>\n","protected":false},"author":2,"featured_media":1889,"parent":2280,"menu_order":0,"comment_status":"closed","ping_status":"closed","template":"","meta":{"_acf_changed":false,"footnotes":""},"class_list":["post-2437","page","type-page","status-publish","has-post-thumbnail","hentry"],"acf":[],"_links":{"self":[{"href":"https:\/\/restauracja.schroniskobukowina.pl\/sk\/wp-json\/wp\/v2\/pages\/2437","targetHints":{"allow":["GET"]}}],"collection":[{"href":"https:\/\/restauracja.schroniskobukowina.pl\/sk\/wp-json\/wp\/v2\/pages"}],"about":[{"href":"https:\/\/restauracja.schroniskobukowina.pl\/sk\/wp-json\/wp\/v2\/types\/page"}],"author":[{"embeddable":true,"href":"https:\/\/restauracja.schroniskobukowina.pl\/sk\/wp-json\/wp\/v2\/users\/2"}],"replies":[{"embeddable":true,"href":"https:\/\/restauracja.schroniskobukowina.pl\/sk\/wp-json\/wp\/v2\/comments?post=2437"}],"version-history":[{"count":2,"href":"https:\/\/restauracja.schroniskobukowina.pl\/sk\/wp-json\/wp\/v2\/pages\/2437\/revisions"}],"predecessor-version":[{"id":2607,"href":"https:\/\/restauracja.schroniskobukowina.pl\/sk\/wp-json\/wp\/v2\/pages\/2437\/revisions\/2607"}],"up":[{"embeddable":true,"href":"https:\/\/restauracja.schroniskobukowina.pl\/sk\/wp-json\/wp\/v2\/pages\/2280"}],"wp:featuredmedia":[{"embeddable":true,"href":"https:\/\/restauracja.schroniskobukowina.pl\/sk\/wp-json\/wp\/v2\/media\/1889"}],"wp:attachment":[{"href":"https:\/\/restauracja.schroniskobukowina.pl\/sk\/wp-json\/wp\/v2\/media?parent=2437"}],"curies":[{"name":"wp","href":"https:\/\/api.w.org\/{rel}","templated":true}]}}