{"id":2287,"date":"2024-12-03T17:01:10","date_gmt":"2024-12-03T17:01:10","guid":{"rendered":"https:\/\/restauracja.schroniskobukowina.pl\/stedry-vecer-2025-2\/"},"modified":"2026-02-26T16:46:49","modified_gmt":"2026-02-26T16:46:49","slug":"stedry-vecer-2025-2","status":"publish","type":"page","link":"https:\/\/restauracja.schroniskobukowina.pl\/sk\/stedry-vecer-2025-2\/","title":{"rendered":"\u0160tedr\u00fd ve\u010der 2025"},"content":{"rendered":"\n<section class=\"content-text\">\n\n    <div class=\"container content-text__container\">\n\n        \n\n    <div class=\"section-header\" data-aos=\"fade-up\">\n\n        <div class=\"section-header__content\">\n\n            <header class=\"section-header__headerbox\">\n\n                \n                    <span class=\"section-header__tag\">\u0160tedr\u00fd ve\u010der v re\u0161taur\u00e1cii 2025<\/span>\n\n                \n                <h2 class=\"section-header__header\">\u0160tedrove\u010dern\u00e1 ve\u010dera v Re\u0161taur\u00e1cii Schronisko Bukowina!<\/h2>\n\n            <\/header>\n\n            \n                <p class=\"section-header__desc\">Poc\u00ed\u0165te k\u00fazlo sviatkov na nezabudnute\u013enej \u0161tedrove\u010dernej ve\u010deri vo v\u00fdnimo\u010dnom prostred\u00ed Tatier. \u010cakaj\u00fa na v\u00e1s vynikaj\u00face sviato\u010dn\u00e9 pokrmy, tepl\u00e1, rodinn\u00e1 atmosf\u00e9ra a \u017eiv\u00e1 goralsk\u00e1 hudba! \r\n<\/p>\n\n            \n\n            \n            \n        <\/div>\n\n    <\/div>\n\n\n        \n        \n\n    <\/div>\n\n<\/section>\n<div class=\"wp-block-columns is-layout-flex wp-container-core-columns-is-layout-9d6595d7 wp-block-columns-is-layout-flex\">\n<div class=\"wp-block-column is-layout-flow wp-block-column-is-layout-flow\" style=\"flex-basis:100%\"><div class=\"wp-block-image\">\n<figure data-wp-context=\"{&quot;imageId&quot;:&quot;69dfbfe92462b&quot;}\" data-wp-interactive=\"core\/image\" data-wp-key=\"69dfbfe92462b\" class=\"aligncenter size-large wp-lightbox-container\"><img loading=\"lazy\" decoding=\"async\" width=\"819\" height=\"1024\" data-wp-class--hide=\"state.isContentHidden\" data-wp-class--show=\"state.isContentVisible\" data-wp-init=\"callbacks.setButtonStyles\" data-wp-on--click=\"actions.showLightbox\" data-wp-on--load=\"callbacks.setButtonStyles\" data-wp-on-window--resize=\"callbacks.setButtonStyles\" src=\"https:\/\/restauracja.schroniskobukowina.pl\/wp-content\/uploads\/2025\/10\/Kolacja_Wigilia_2025_2-819x1024.png\" alt=\"\" class=\"wp-image-1524\" srcset=\"https:\/\/restauracja.schroniskobukowina.pl\/wp-content\/uploads\/2025\/10\/Kolacja_Wigilia_2025_2-819x1024.png 819w, https:\/\/restauracja.schroniskobukowina.pl\/wp-content\/uploads\/2025\/10\/Kolacja_Wigilia_2025_2-240x300.png 240w, https:\/\/restauracja.schroniskobukowina.pl\/wp-content\/uploads\/2025\/10\/Kolacja_Wigilia_2025_2-768x960.png 768w, https:\/\/restauracja.schroniskobukowina.pl\/wp-content\/uploads\/2025\/10\/Kolacja_Wigilia_2025_2.png 1200w\" sizes=\"auto, (max-width: 819px) 100vw, 819px\" \/><button\n\t\t\tclass=\"lightbox-trigger\"\n\t\t\ttype=\"button\"\n\t\t\taria-haspopup=\"dialog\"\n\t\t\taria-label=\"Zv\u00e4\u010d\u0161i\u0165\"\n\t\t\tdata-wp-init=\"callbacks.initTriggerButton\"\n\t\t\tdata-wp-on--click=\"actions.showLightbox\"\n\t\t\tdata-wp-style--right=\"state.imageButtonRight\"\n\t\t\tdata-wp-style--top=\"state.imageButtonTop\"\n\t\t>\n\t\t\t<svg xmlns=\"http:\/\/www.w3.org\/2000\/svg\" width=\"12\" height=\"12\" fill=\"none\" viewBox=\"0 0 12 12\">\n\t\t\t\t<path fill=\"#fff\" d=\"M2 0a2 2 0 0 0-2 2v2h1.5V2a.5.5 0 0 1 .5-.5h2V0H2Zm2 10.5H2a.5.5 0 0 1-.5-.5V8H0v2a2 2 0 0 0 2 2h2v-1.5ZM8 12v-1.5h2a.5.5 0 0 0 .5-.5V8H12v2a2 2 0 0 1-2 2H8Zm2-12a2 2 0 0 1 2 2v2h-1.5V2a.5.5 0 0 0-.5-.5H8V0h2Z\" \/>\n\t\t\t<\/svg>\n\t\t<\/button><\/figure>\n<\/div><\/div>\n<\/div>\n\n<section class=\"content-menu-seasonal\">\n\n    <div class=\"container content-menu-seasonal__container\">\n\n        \n    <\/div>\n\n<\/section>\n<section class=\"content-parallax\">\n\n    <img decoding=\"async\" src=\"https:\/\/restauracja.schroniskobukowina.pl\/wp-content\/themes\/themebukowina\/assets\/pattern.png\" alt=\"Grafika w tle\" class=\"content-parallax__bg2\">\n\n    <div class=\"container content-parallax__container\">\n\n        \n\n    <div class=\"section-header\" data-aos=\"fade-up\">\n\n        <div class=\"section-header__content\">\n\n            <header class=\"section-header__headerbox\">\n\n                \n                    <span class=\"section-header__tag\">OBCHOD<\/span>\n\n                \n                <h2 class=\"section-header__header\">Pozrite si na\u0161e produkty<\/h2>\n\n            <\/header>\n\n            \n                <p class=\"section-header__desc\">Sme fan\u00fa\u0161ikmi najlep\u0161ej kvality. Na\u0161u v\u00e1\u0161e\u0148 pre chutn\u00e9 jedlo zdie\u013eame aj v internetovom obchode, kde n\u00e1jdete vynikaj\u00face, pr\u00edrodn\u00e9 lah\u00f4dky a vybran\u00e9 talianske produkty. <\/p>\n\n            \n\n            \n                <div class=\"section-header__buttons\">\n\n                    \n                            <a class=\"button button--small button--transparent\" href=\"https:\/\/schroniskobukowina.pl\/\" target=\"_blank\">Nav\u0161t\u00edvi\u0165 obchod<\/a>\n\n                        \n                    \n                <\/div>\n\n            \n            \n        <\/div>\n\n    <\/div>\n\n\n        \n            <div class=\"content-parallax__bg\" style=\"background-image: url('https:\/\/restauracja.schroniskobukowina.pl\/wp-content\/uploads\/2025\/02\/image-16.webp');\"><\/div>\n\n        \n\n    <\/div>\n\n<\/section>","protected":false},"excerpt":{"rendered":"<p>V\u00fdnimo\u010dn\u00e9 jedl\u00e1 pripraven\u00e9 z najlep\u0161\u00edch, \u010derstv\u00fdch surov\u00edn.<\/p>\n","protected":false},"author":2,"featured_media":1889,"parent":0,"menu_order":0,"comment_status":"closed","ping_status":"closed","template":"","meta":{"_acf_changed":false,"footnotes":""},"class_list":["post-2287","page","type-page","status-publish","has-post-thumbnail","hentry"],"acf":[],"_links":{"self":[{"href":"https:\/\/restauracja.schroniskobukowina.pl\/sk\/wp-json\/wp\/v2\/pages\/2287","targetHints":{"allow":["GET"]}}],"collection":[{"href":"https:\/\/restauracja.schroniskobukowina.pl\/sk\/wp-json\/wp\/v2\/pages"}],"about":[{"href":"https:\/\/restauracja.schroniskobukowina.pl\/sk\/wp-json\/wp\/v2\/types\/page"}],"author":[{"embeddable":true,"href":"https:\/\/restauracja.schroniskobukowina.pl\/sk\/wp-json\/wp\/v2\/users\/2"}],"replies":[{"embeddable":true,"href":"https:\/\/restauracja.schroniskobukowina.pl\/sk\/wp-json\/wp\/v2\/comments?post=2287"}],"version-history":[{"count":1,"href":"https:\/\/restauracja.schroniskobukowina.pl\/sk\/wp-json\/wp\/v2\/pages\/2287\/revisions"}],"predecessor-version":[{"id":2297,"href":"https:\/\/restauracja.schroniskobukowina.pl\/sk\/wp-json\/wp\/v2\/pages\/2287\/revisions\/2297"}],"wp:featuredmedia":[{"embeddable":true,"href":"https:\/\/restauracja.schroniskobukowina.pl\/sk\/wp-json\/wp\/v2\/media\/1889"}],"wp:attachment":[{"href":"https:\/\/restauracja.schroniskobukowina.pl\/sk\/wp-json\/wp\/v2\/media?parent=2287"}],"curies":[{"name":"wp","href":"https:\/\/api.w.org\/{rel}","templated":true}]}}