{"id":2280,"date":"2024-12-03T17:06:02","date_gmt":"2024-12-03T17:06:02","guid":{"rendered":"https:\/\/restauracja.schroniskobukowina.pl\/cateringova-ponuka\/"},"modified":"2026-02-26T16:46:34","modified_gmt":"2026-02-26T16:46:34","slug":"cateringova-ponuka","status":"publish","type":"page","link":"https:\/\/restauracja.schroniskobukowina.pl\/sk\/cateringova-ponuka\/","title":{"rendered":"Cateringov\u00e1 ponuka"},"content":{"rendered":"\n<section class=\"content-subpages\">\n\n    <div class=\"container content-subpages__container\">\n\n        \n\n    <div class=\"section-header\" data-aos=\"fade-up\">\n\n        <div class=\"section-header__content\">\n\n            <header class=\"section-header__headerbox\">\n\n                \n                    <span class=\"section-header__tag\">O n\u00e1s<\/span>\n\n                \n                <h2 class=\"section-header__header\">Profesion\u00e1lny catering na ka\u017ed\u00fa pr\u00edle\u017eitos\u0165<\/h2>\n\n            <\/header>\n\n            \n                <p class=\"section-header__desc\">Schronisko Bukowina to nie s\u00fa len vynikaj\u00face jedl\u00e1 \u2013 s\u00fa to aj \u013eudia, ktor\u00ed ich vytv\u00e1raj\u00fa. Pozrite sa, kto zodpoved\u00e1 za to, aby pokrmy vych\u00e1dzaj\u00face z kuchyne byly dopracovan\u00e9 do posledn\u00e9ho detailu a o\u010darili tak chu\u0165ou, ako aj vzh\u013eadom. <\/p>\n\n            \n\n            \n                <div class=\"section-header__buttons\">\n\n                    \n                            <a class=\"button button--small button--transparent\" href=\"#more\" target=\"_self\">Zobrazi\u0165 viac<\/a>\n\n                        \n                    \n                <\/div>\n\n            \n            \n        <\/div>\n\n    <\/div>\n\n\n        \n            <video width=\"320\" height=\"240\" controls class=\"content-subpages__video\">\n\n                <source src=\"https:\/\/restauracja.schroniskobukowina.pl\/wp-content\/uploads\/2025\/02\/Catering-wersja-finalna_1.mp4\" type=\"video\/mp4\">\n\n            <\/video>\n\n        \n        \n            <div class=\"content-subpages__grid\" id=\"more\">\n\n                \n                    \n<a href=\"https:\/\/restauracja.schroniskobukowina.pl\/sk\/cateringova-ponuka\/spolupraca\/\" class=\"card-subpage\" data-aos=\"fade-up\" data-aos-delay=\"1\">\n\n    \n        <img decoding=\"async\" src=\"https:\/\/restauracja.schroniskobukowina.pl\/wp-content\/uploads\/2025\/02\/image-4.webp\" alt=\"\" class=\"card-subpage__image\" \/>\n\n    \n\n    <div class=\"card-subpage__content\">\n\n        <h3 class=\"card-subpage__header\">\n\n            Spolupr\u00e1ca\n        <\/h3>\n\n        <p class=\"card-subpage__desc\">\n\n            Pridajte sa k n\u00e1m \u2013 sme otvoren\u00ed partnerstv\u00e1m a zauj\u00edmav\u00fdm iniciat\u00edvam. Zistite, ako m\u00f4\u017eeme spolupracova\u0165! \n        <\/p>\n\n        <div href=\"https:\/\/restauracja.schroniskobukowina.pl\/sk\/cateringova-ponuka\/spolupraca\/\" class=\"button button--transparent\">Sprawd\u017a ofert\u0119<\/div>\n\n    <\/div>\n\n<\/a>\n                \n                    \n<a href=\"https:\/\/restauracja.schroniskobukowina.pl\/sk\/cateringova-ponuka\/prilezitostny-catering\/\" class=\"card-subpage\" data-aos=\"fade-up\" data-aos-delay=\"1\">\n\n    \n        <img decoding=\"async\" src=\"https:\/\/restauracja.schroniskobukowina.pl\/wp-content\/uploads\/2025\/02\/image-3.webp\" alt=\"\" class=\"card-subpage__image\" \/>\n\n    \n\n    <div class=\"card-subpage__content\">\n\n        <h3 class=\"card-subpage__header\">\n\n            Pr\u00edle\u017eitostn\u00fd catering\n        <\/h3>\n\n        <p class=\"card-subpage__desc\">\n\n            Chu\u0165 prisp\u00f4soben\u00e1 v\u00e1m! Individu\u00e1lna ponuka na ka\u017ed\u00fa pr\u00edle\u017eitos\u0165. \n        <\/p>\n\n        <div href=\"https:\/\/restauracja.schroniskobukowina.pl\/sk\/cateringova-ponuka\/prilezitostny-catering\/\" class=\"button button--transparent\">Sprawd\u017a ofert\u0119<\/div>\n\n    <\/div>\n\n<\/a>\n                \n            <\/div>\n\n        \n    <\/div>\n\n<\/section>\n<p><\/p>\n","protected":false},"excerpt":{"rendered":"<p>V\u00fdnimo\u010dn\u00e9 menu, \u010derstv\u00e9 suroviny a individu\u00e1lny pr\u00edstup \u2013 \u0161it\u00e9 na mieru va\u0161im potreb\u00e1m!<\/p>\n","protected":false},"author":2,"featured_media":1889,"parent":0,"menu_order":0,"comment_status":"closed","ping_status":"closed","template":"","meta":{"_acf_changed":false,"footnotes":""},"class_list":["post-2280","page","type-page","status-publish","has-post-thumbnail","hentry"],"acf":[],"_links":{"self":[{"href":"https:\/\/restauracja.schroniskobukowina.pl\/sk\/wp-json\/wp\/v2\/pages\/2280","targetHints":{"allow":["GET"]}}],"collection":[{"href":"https:\/\/restauracja.schroniskobukowina.pl\/sk\/wp-json\/wp\/v2\/pages"}],"about":[{"href":"https:\/\/restauracja.schroniskobukowina.pl\/sk\/wp-json\/wp\/v2\/types\/page"}],"author":[{"embeddable":true,"href":"https:\/\/restauracja.schroniskobukowina.pl\/sk\/wp-json\/wp\/v2\/users\/2"}],"replies":[{"embeddable":true,"href":"https:\/\/restauracja.schroniskobukowina.pl\/sk\/wp-json\/wp\/v2\/comments?post=2280"}],"version-history":[{"count":1,"href":"https:\/\/restauracja.schroniskobukowina.pl\/sk\/wp-json\/wp\/v2\/pages\/2280\/revisions"}],"predecessor-version":[{"id":2284,"href":"https:\/\/restauracja.schroniskobukowina.pl\/sk\/wp-json\/wp\/v2\/pages\/2280\/revisions\/2284"}],"wp:featuredmedia":[{"embeddable":true,"href":"https:\/\/restauracja.schroniskobukowina.pl\/sk\/wp-json\/wp\/v2\/media\/1889"}],"wp:attachment":[{"href":"https:\/\/restauracja.schroniskobukowina.pl\/sk\/wp-json\/wp\/v2\/media?parent=2280"}],"curies":[{"name":"wp","href":"https:\/\/api.w.org\/{rel}","templated":true}]}}