{"id":2264,"date":"2024-12-03T17:03:21","date_gmt":"2024-12-03T17:03:21","guid":{"rendered":"https:\/\/restauracja.schroniskobukowina.pl\/interier\/"},"modified":"2026-02-28T22:43:41","modified_gmt":"2026-02-28T22:43:41","slug":"interier","status":"publish","type":"page","link":"https:\/\/restauracja.schroniskobukowina.pl\/sk\/interier\/","title":{"rendered":"Interi\u00e9r"},"content":{"rendered":"\n<section class=\"content-text\">\n\n    <div class=\"container content-text__container\">\n\n        \n\n    <div class=\"section-header\" data-aos=\"fade-up\">\n\n        <div class=\"section-header__content\">\n\n            <header class=\"section-header__headerbox\">\n\n                \n                    <span class=\"section-header__tag\">INTERI\u00c9R<\/span>\n\n                \n                <h2 class=\"section-header__header\">Modern\u00fd interi\u00e9r v alpskom \u0161t\u00fdle<\/h2>\n\n            <\/header>\n\n            \n                <p class=\"section-header__desc\">Zaujal v\u00e1s jedine\u010dn\u00fd \u0161t\u00fdl, ktor\u00fd sp\u00e1ja modern\u00fd dizajn s prvkami na\u0161ej goralskej trad\u00edcie? Pr\u00ed\u010fte, udom\u00e1cnite sa a vydajte sa s nami na kulin\u00e1rsku cestu! <\/p>\n\n            \n\n            \n            \n        <\/div>\n\n    <\/div>\n\n\n        \n\n    <div class=\"text-image \" >\n\n        <div class=\"text-image__container \">\n\n            <div class=\"text-image__imagebox\" data-aos=\"fade-up\">\n\n                \n\n                    \n                        \n                            <img decoding=\"async\" src=\"https:\/\/restauracja.schroniskobukowina.pl\/wp-content\/uploads\/2025\/02\/image-10.webp\" alt=\"\" class=\"text-image__image\" \/>\n\n                        \n                    \n                \n\n\n            <\/div>\n\n            <div class=\"text-image__content\" data-aos=\"fade-up\" data-aos-delay=\"100\">\n\n                \n                    <span class=\"text-image__tag\">Schronisko Bukowina<\/span>\n\n                \n                <h2 class=\"text-image__header\">\u00datuln\u00fd priestor<\/h2>\n\n                \n                    <div class=\"text-image__desc\">\n\n                        <p>Interi\u00e9r je in\u0161pirovan\u00fd alpsk\u00fdmi cestami a stretnutiami s horalmi in\u00fdch kult\u00far. Nezabudli sme ani na na\u0161e miestne trad\u00edcie a legendy, preto sa m\u00f4\u017eete usadi\u0165 v interi\u00e9ri ako z Chamonix a potrias\u0165 si rukou s J\u00e1no\u0161\u00edkom. <\/p>\n\n                    <\/div>\n\n                \n                \n            <\/div>\n\n        <\/div>\n\n    <\/div>\n\n\n        \n\n    <\/div>\n\n<\/section>\n<div class=\"content-images-gallery content-images-gallery--bglight virtual-walk\">\n\n    <img decoding=\"async\" src=\"https:\/\/restauracja.schroniskobukowina.pl\/wp-content\/themes\/themebukowina\/assets\/pattern.png\" alt=\"Grafika w tle\" class=\"content-images-gallery__bg\">\n\n    <div class=\"container content-images-gallery__container\">\n\n        \n\n    <div class=\"section-header\" data-aos=\"fade-up\">\n\n        <div class=\"section-header__content\">\n\n            <header class=\"section-header__headerbox\">\n\n                \n                    <span class=\"section-header__tag\">Virtu\u00e1lna prehliadka<\/span>\n\n                \n                <h2 class=\"section-header__header\">Pozrite sa, ak\u00e9 je to tu kr\u00e1sne<\/h2>\n\n            <\/header>\n\n            \n                <p class=\"section-header__desc\">Detaily a ornamenty na z\u00e1vesoch v\u00e1m umo\u017enia c\u00edti\u0165 sa ako v Alp\u00e1ch. V\u0161etko dop\u013a\u0148a \u00fa\u017easn\u00fd v\u00fdh\u013ead na Tatry, ktor\u00fd sa otv\u00e1ra z okien. Pozrite si virtu\u00e1lnu prehliadku!<\/p>\n\n            \n\n            \n            \n        <\/div>\n\n    <\/div>\n\n\n        <iframe loading=\"lazy\" style=\"width: 100%; height: 700px\" src=\"https:\/\/my.mpskin.com\/pl\/tour\/tthqwd86nt\" width=\"100%\" height=\"100vh\" frameborder=\"0\" allowfullscreen=\"allowfullscreen\"><\/iframe>\n\n    <\/div>\n\n<\/div>\n<div id=\"gallery\" class=\"content-images-gallery content-images-gallery--bglight\">\n\n    <img decoding=\"async\" src=\"https:\/\/restauracja.schroniskobukowina.pl\/wp-content\/themes\/themebukowina\/assets\/pattern.png\" alt=\"Grafika w tle\" class=\"content-images-gallery__bg\">\n\n    <div class=\"container content-images-gallery__container\">\n\n        \n\n    <div class=\"section-header\" data-aos=\"fade-up\">\n\n        <div class=\"section-header__content\">\n\n            <header class=\"section-header__headerbox\">\n\n                \n                    <span class=\"section-header__tag\">INTERI\u00c9R<\/span>\n\n                \n                <h2 class=\"section-header__header\">Priate\u013esk\u00e1 atmosf\u00e9ra<\/h2>\n\n            <\/header>\n\n            \n                <p class=\"section-header__desc\">Sme otvoren\u00ed&#8230; v\u0161etk\u00e9mu! M\u00f4\u017eete n\u00e1s nav\u0161t\u00edvi\u0165 so svoj\u00edm dom\u00e1cim mil\u00e1\u010dikom, re\u0161taur\u00e1cia je priate\u013esk\u00e1 ku v\u0161etk\u00fdm hos\u0165om a ich \u0161tvornoh\u00fdm ob\u013e\u00fabencom. <\/p>\n\n            \n\n            \n            \n        <\/div>\n\n    <\/div>\n\n\n        \n            <div class=\"splide content-images-gallery__splide\" role=\"group\" aria-label=\"Image gallery slider\">\n\n                <div class=\"splide__track\">\n\n                    <div class=\"splide__list\">\n\n                        \n                            <div class=\"splide__slide\" data-aos=\"fade-up\" data-aos-delay=\"100\">\n\n                                <img decoding=\"async\" src=\"https:\/\/restauracja.schroniskobukowina.pl\/wp-content\/uploads\/2025\/02\/image-11.webp\" alt=\"\" class=\"content-images-gallery__image\" \/>\n\n                            <\/div>\n\n                        \n                            <div class=\"splide__slide\" data-aos=\"fade-up\" data-aos-delay=\"200\">\n\n                                <img decoding=\"async\" src=\"https:\/\/restauracja.schroniskobukowina.pl\/wp-content\/uploads\/2025\/02\/image-2-1.webp\" alt=\"\" class=\"content-images-gallery__image\" \/>\n\n                            <\/div>\n\n                        \n                    <\/div>\n\n                    <div class=\"splide__arrows\">\n    <button class=\"splide__arrow splide__arrow--prev\">\n        <svg xmlns=\"http:\/\/www.w3.org\/2000\/svg\" width=\"25\" height=\"24\" viewBox=\"0 0 25 24\" fill=\"none\">\n            <path d=\"M5.5 12H19.5M19.5 12L12.5 5M19.5 12L12.5 19\" stroke=\"#AAAAAA\" stroke-width=\"2\" stroke-linecap=\"round\" stroke-linejoin=\"round\" \/>\n        <\/svg>\n    <\/button>\n    <button class=\"splide__arrow splide__arrow--next\">\n        <svg xmlns=\"http:\/\/www.w3.org\/2000\/svg\" width=\"25\" height=\"24\" viewBox=\"0 0 25 24\" fill=\"none\">\n            <path d=\"M5.5 12H19.5M19.5 12L12.5 5M19.5 12L12.5 19\" stroke=\"#AAAAAA\" stroke-width=\"2\" stroke-linecap=\"round\" stroke-linejoin=\"round\" \/>\n        <\/svg>\n    <\/button>\n<\/div>\n                <\/div>\n\n            <\/div>\n\n        \n    <\/div>\n\n<\/div>\n<section class=\"content-text\">\n\n    <div class=\"container content-text__container\">\n\n        \n\n        \n\n    <div class=\"text-image \" >\n\n        <div class=\"text-image__container text-image__container--reverse\">\n\n            <div class=\"text-image__imagebox\" data-aos=\"fade-up\">\n\n                \n\n                    \n                        \n                            <img decoding=\"async\" src=\"https:\/\/restauracja.schroniskobukowina.pl\/wp-content\/uploads\/2025\/02\/image-12.webp\" alt=\"\" class=\"text-image__image\" \/>\n\n                        \n                    \n                \n\n\n            <\/div>\n\n            <div class=\"text-image__content\" data-aos=\"fade-up\" data-aos-delay=\"100\">\n\n                \n                    <span class=\"text-image__tag\">MENU<\/span>\n\n                \n                <h2 class=\"text-image__header\">Priestor jedine\u010dn\u00e9ho interi\u00e9ru<\/h2>\n\n                \n                    <div class=\"text-image__desc\">\n\n                        <p>V\u0161etky jedl\u00e1 pripravujeme priebe\u017ene, preto s\u00fa v\u017edy \u010derstv\u00e9 a chutn\u00e9. Kr\u00e1sny interi\u00e9r u n\u00e1s dop\u013a\u0148aj\u00fa kr\u00e1sne a chutn\u00e9 jedl\u00e1. <\/p>\n\n                    <\/div>\n\n                \n                \n                    <div class=\"section-header__buttons\">\n\n                        \n                                <a class=\"button button--small button--transparent\" href=\"https:\/\/restauracja.schroniskobukowina.pl\/sk\/hlavne-menu\/\" target=\"_self\">Pozrie\u0165 menu<\/a>\n\n                            \n                        \n                    <\/div>\n\n                \n            <\/div>\n\n        <\/div>\n\n    <\/div>\n\n\n        \n\n    <\/div>\n\n<\/section>\n<section class=\"content-parallax\">\n\n    <img decoding=\"async\" src=\"https:\/\/restauracja.schroniskobukowina.pl\/wp-content\/themes\/themebukowina\/assets\/pattern.png\" alt=\"Grafika w tle\" class=\"content-parallax__bg2\">\n\n    <div class=\"container content-parallax__container\">\n\n        \n\n    <div class=\"section-header\" data-aos=\"fade-up\">\n\n        <div class=\"section-header__content\">\n\n            <header class=\"section-header__headerbox\">\n\n                \n                    <span class=\"section-header__tag\">OBCHOD<\/span>\n\n                \n                <h2 class=\"section-header__header\">K\u00fapi\u0165 dar\u010dekov\u00fd poukaz<\/h2>\n\n            <\/header>\n\n            \n\n            \n                <div class=\"section-header__buttons\">\n\n                    \n                            <a class=\"button button--small button--transparent\" href=\"https:\/\/schroniskobukowina.pl\/voucher-upominkowy-schronisko-bukowina\" target=\"_blank\">K\u00fapi\u0165 teraz<\/a>\n\n                        \n                    \n                <\/div>\n\n            \n            \n        <\/div>\n\n    <\/div>\n\n\n        \n            <div class=\"content-parallax__bg\" style=\"background-image: url('https:\/\/restauracja.schroniskobukowina.pl\/wp-content\/uploads\/2025\/03\/image.webp');\"><\/div>\n\n        \n\n    <\/div>\n\n<\/section>","protected":false},"excerpt":{"rendered":"<p>Interi\u00e9ry in\u0161pirovan\u00e9 pr\u00edrodou, ide\u00e1lne na oddych a spolo\u010dn\u00e9 vychutn\u00e1vanie jed\u00e1l.<\/p>\n","protected":false},"author":2,"featured_media":1889,"parent":0,"menu_order":0,"comment_status":"closed","ping_status":"closed","template":"","meta":{"_acf_changed":false,"footnotes":""},"class_list":["post-2264","page","type-page","status-publish","has-post-thumbnail","hentry"],"acf":[],"_links":{"self":[{"href":"https:\/\/restauracja.schroniskobukowina.pl\/sk\/wp-json\/wp\/v2\/pages\/2264","targetHints":{"allow":["GET"]}}],"collection":[{"href":"https:\/\/restauracja.schroniskobukowina.pl\/sk\/wp-json\/wp\/v2\/pages"}],"about":[{"href":"https:\/\/restauracja.schroniskobukowina.pl\/sk\/wp-json\/wp\/v2\/types\/page"}],"author":[{"embeddable":true,"href":"https:\/\/restauracja.schroniskobukowina.pl\/sk\/wp-json\/wp\/v2\/users\/2"}],"replies":[{"embeddable":true,"href":"https:\/\/restauracja.schroniskobukowina.pl\/sk\/wp-json\/wp\/v2\/comments?post=2264"}],"version-history":[{"count":3,"href":"https:\/\/restauracja.schroniskobukowina.pl\/sk\/wp-json\/wp\/v2\/pages\/2264\/revisions"}],"predecessor-version":[{"id":2625,"href":"https:\/\/restauracja.schroniskobukowina.pl\/sk\/wp-json\/wp\/v2\/pages\/2264\/revisions\/2625"}],"wp:featuredmedia":[{"embeddable":true,"href":"https:\/\/restauracja.schroniskobukowina.pl\/sk\/wp-json\/wp\/v2\/media\/1889"}],"wp:attachment":[{"href":"https:\/\/restauracja.schroniskobukowina.pl\/sk\/wp-json\/wp\/v2\/media?parent=2264"}],"curies":[{"name":"wp","href":"https:\/\/api.w.org\/{rel}","templated":true}]}}